{"id":141,"date":"2025-10-06T16:05:48","date_gmt":"2025-10-06T14:05:48","guid":{"rendered":"https:\/\/www.nonformal-learning.eu\/podcast\/?page_id=141"},"modified":"2025-11-18T11:40:44","modified_gmt":"2025-11-18T10:40:44","slug":"home","status":"publish","type":"page","link":"https:\/\/nonformal-learning.eu\/podcast\/","title":{"rendered":"Home"},"content":{"rendered":"<p>[et_pb_section fb_built=&#8220;1&#8243; _builder_version=&#8220;4.27.4&#8243; _module_preset=&#8220;default&#8220; global_colors_info=&#8220;{}&#8220;][et_pb_row column_structure=&#8220;3_5,2_5&#8243; _builder_version=&#8220;4.27.4&#8243; _module_preset=&#8220;default&#8220; custom_margin=&#8220;||60px||false|false&#8220; global_colors_info=&#8220;{}&#8220;][et_pb_column type=&#8220;3_5&#8243; _builder_version=&#8220;4.27.4&#8243; _module_preset=&#8220;default&#8220; global_colors_info=&#8220;{}&#8220;][et_pb_heading title=&#8220;Nonformal Learning Podcast&#8220; _builder_version=&#8220;4.27.4&#8243; _module_preset=&#8220;default&#8220; title_text_color=&#8220;#800080&#8243; global_colors_info=&#8220;{}&#8220;][\/et_pb_heading][et_pb_text _builder_version=&#8220;4.27.4&#8243; _module_preset=&#8220;default&#8220; text_font_size=&#8220;16px&#8220; global_colors_info=&#8220;{}&#8220;]<\/p>\n<div>\n<div>\n<div>\n<div>\n<div>\n<div>\n<div>\n<p>Das <strong>Nonformal-Learning-Podcast<\/strong>-Projekt setzt sich daf\u00fcr ein, nonformales Lernen in den Fokus zu r\u00fccken und zug\u00e4nglich zu machen. Auf der Projektwebseite pr\u00e4sentiert sich der Podcast als eine Plattform, die beleuchtet, wie und wo Lernen au\u00dferhalb formaler Institutionen stattfindet.<\/p>\n<h4><strong>Ziele und Intention<\/strong><\/h4>\n<p>Das Projekt m\u00f6chte den Wert und das Potenzial nonformalen Lernens st\u00e4rker ins \u00f6ffentliche Bewusstsein r\u00fccken. Es will zeigen, dass Lernen nicht auf Schulb\u00e4nke und Universit\u00e4ten beschr\u00e4nkt ist, sondern in Vereinen, Projekten, im Ehrenamt, in informellen Gruppen oder einfach im Alltag stattfindet. Der Podcast ist ein Mittel, um Erfahrungen, Meinungen, Praxisbeispiele und Impulse zu teilen \u2013 ganz ohne Pr\u00fcfungsdruck, Noten oder formale Zertifikate. (vgl. Motto des Podcasts)<\/p>\n<h4><strong>Struktur &amp; Inhalte<\/strong><\/h4>\n<p>Auf der Webseite findet sich ein Archiv, in dem fr\u00fchere Folgen gelistet sind \u2013 aktuell beginnt das Archiv mit Oktober 2025. Jede Podcast-Episode greift ein spezifisches Thema auf, diskutiert Praxisbeispiele, stellt Akteur:innen vor und reflektiert \u00fcber Chancen und Herausforderungen nonformaler Bildung.<\/p>\n<p>Zur besseren Verst\u00e4ndlichkeit gliedert das Projekt die Inhalte nach Kategorien (z.\u00a0B. \u201eAllgemein\u201c) und stellt grundlegende Informationen zum Podcast zentral auf der Startseite bereit.<\/p>\n<h4><strong>Bedeutung &amp; Wirkung<\/strong><\/h4>\n<p>Dieses Vorhaben leistet einen wichtigen Beitrag dazu, Lernen als lebenslangen, vielgestaltigen Prozess zu sehen. Es st\u00e4rkt das Bewusstsein, dass Kompetenzen auch abseits formaler Pr\u00fcfungsr\u00e4ume erworben werden \u2013 durch Engagement, Experimentieren, gemeinsame Projekte und informelle Lernsettings. Gleichzeitig schafft der Podcast ein Medium f\u00fcr den Austausch zwischen Praktiker:innen, Lernenden und Interessierten.<\/p>\n<p>Durch die Online-Verf\u00fcgbarkeit sind die Inhalte frei zug\u00e4nglich und k\u00f6nnen europaweit rezipiert werden \u2013 ideal, um Netzwerke im Bereich nonformaler Bildung zu f\u00f6rdern.<\/p>\n<\/div>\n<\/div>\n<\/div>\n<\/div>\n<\/div>\n<\/div>\n<\/div>\n<p data-start=\"2050\" data-end=\"2218\"><a href=\"https:\/\/www.nonformal-learning.eu\/podcast\/\" title=\"Podcast non-formal-learning\"><\/a><\/p>\n<p>[\/et_pb_text][\/et_pb_column][et_pb_column type=&#8220;2_5&#8243; _builder_version=&#8220;4.27.4&#8243; _module_preset=&#8220;default&#8220; global_colors_info=&#8220;{}&#8220;][et_pb_image src=&#8220;https:\/\/www.nonformal-learning.eu\/podcast\/wp-content\/uploads\/sites\/3\/2025\/10\/12_DE_Cover_Inclusion.png&#8220; title_text=&#8220;12_DE_Cover_Inclusion&#8220; url=&#8220;@ET-DC@eyJkeW5hbWljIjp0cnVlLCJjb250ZW50IjoicG9zdF9saW5rX3VybF9wYWdlIiwic2V0dGluZ3MiOnsicG9zdF9pZCI6Ijc0In19@&#8220; _builder_version=&#8220;4.27.4&#8243; _dynamic_attributes=&#8220;url&#8220; _module_preset=&#8220;default&#8220; animation_style=&#8220;zoom&#8220; animation_delay=&#8220;400ms&#8220; global_colors_info=&#8220;{}&#8220;][\/et_pb_image][\/et_pb_column][\/et_pb_row][\/et_pb_section]<\/p>\n","protected":false},"excerpt":{"rendered":"<p>Das Nonformal-Learning-Podcast-Projekt setzt sich daf\u00fcr ein, nonformales Lernen in den Fokus zu r\u00fccken und zug\u00e4nglich zu machen. Auf der Projektwebseite pr\u00e4sentiert sich der Podcast als eine Plattform, die beleuchtet, wie und wo Lernen au\u00dferhalb formaler Institutionen stattfindet. Ziele und Intention Das Projekt m\u00f6chte den Wert und das Potenzial nonformalen Lernens st\u00e4rker ins \u00f6ffentliche Bewusstsein r\u00fccken. [&hellip;]<\/p>\n","protected":false},"author":1,"featured_media":0,"parent":0,"menu_order":0,"comment_status":"closed","ping_status":"closed","template":"","meta":{"_et_pb_use_builder":"on","_et_pb_old_content":"<!-- wp:divi\/placeholder \/-->","_et_gb_content_width":"","footnotes":""},"class_list":["post-141","page","type-page","status-publish","hentry"],"_links":{"self":[{"href":"https:\/\/nonformal-learning.eu\/podcast\/wp-json\/wp\/v2\/pages\/141","targetHints":{"allow":["GET"]}}],"collection":[{"href":"https:\/\/nonformal-learning.eu\/podcast\/wp-json\/wp\/v2\/pages"}],"about":[{"href":"https:\/\/nonformal-learning.eu\/podcast\/wp-json\/wp\/v2\/types\/page"}],"author":[{"embeddable":true,"href":"https:\/\/nonformal-learning.eu\/podcast\/wp-json\/wp\/v2\/users\/1"}],"replies":[{"embeddable":true,"href":"https:\/\/nonformal-learning.eu\/podcast\/wp-json\/wp\/v2\/comments?post=141"}],"version-history":[{"count":14,"href":"https:\/\/nonformal-learning.eu\/podcast\/wp-json\/wp\/v2\/pages\/141\/revisions"}],"predecessor-version":[{"id":595,"href":"https:\/\/nonformal-learning.eu\/podcast\/wp-json\/wp\/v2\/pages\/141\/revisions\/595"}],"wp:attachment":[{"href":"https:\/\/nonformal-learning.eu\/podcast\/wp-json\/wp\/v2\/media?parent=141"}],"curies":[{"name":"wp","href":"https:\/\/api.w.org\/{rel}","templated":true}]}}